{"id":20,"date":"2021-10-10T13:03:57","date_gmt":"2021-10-10T13:03:57","guid":{"rendered":"https:\/\/expedicekenya.cz\/?page_id=20"},"modified":"2021-11-15T18:14:41","modified_gmt":"2021-11-15T18:14:41","slug":"video","status":"publish","type":"page","link":"https:\/\/expedicekenya.cz\/?page_id=20","title":{"rendered":"Video"},"content":{"rendered":"\n<div class=\"wp-block-columns is-layout-flex wp-container-core-columns-is-layout-9d6595d7 wp-block-columns-is-layout-flex\">\n<div class=\"wp-block-column is-layout-flow wp-block-column-is-layout-flow\" style=\"flex-basis:100%\">\n<div class=\"wp-block-columns is-layout-flex wp-container-core-columns-is-layout-9d6595d7 wp-block-columns-is-layout-flex\">\n<div class=\"wp-block-column is-layout-flow wp-block-column-is-layout-flow\">\n<figure class=\"wp-block-embed is-type-video is-provider-youtube wp-block-embed-youtube wp-embed-aspect-16-9 wp-has-aspect-ratio\"><div class=\"wp-block-embed__wrapper\">\n<iframe loading=\"lazy\" title=\"Navrat do keni TRAILER\" width=\"940\" height=\"529\" src=\"https:\/\/www.youtube.com\/embed\/5GvXKLZKL7c?start=85&#038;feature=oembed\" frameborder=\"0\" allow=\"accelerometer; autoplay; clipboard-write; encrypted-media; gyroscope; picture-in-picture; web-share\" referrerpolicy=\"strict-origin-when-cross-origin\" allowfullscreen><\/iframe>\n<\/div><\/figure>\n\n\n\n<figure class=\"wp-block-embed is-type-video is-provider-youtube wp-block-embed-youtube wp-embed-aspect-16-9 wp-has-aspect-ratio\"><div class=\"wp-block-embed__wrapper\">\n<iframe loading=\"lazy\" title=\"Ke\u0148a - DRSN\u00c1 N\u011a\u017dN\u00c1 KE\u0147A -Trailer -\" width=\"940\" height=\"529\" src=\"https:\/\/www.youtube.com\/embed\/Ey6UkjwVvdo?feature=oembed\" frameborder=\"0\" allow=\"accelerometer; autoplay; clipboard-write; encrypted-media; gyroscope; picture-in-picture; web-share\" referrerpolicy=\"strict-origin-when-cross-origin\" allowfullscreen><\/iframe>\n<\/div><\/figure>\n\n\n\n<figure class=\"wp-block-embed is-type-video is-provider-youtube wp-block-embed-youtube wp-embed-aspect-16-9 wp-has-aspect-ratio\"><div class=\"wp-block-embed__wrapper\">\n<iframe loading=\"lazy\" title=\"Mwambaya trailer 2020\" width=\"940\" height=\"529\" src=\"https:\/\/www.youtube.com\/embed\/PWMnSq2LL1A?feature=oembed\" frameborder=\"0\" allow=\"accelerometer; autoplay; clipboard-write; encrypted-media; gyroscope; picture-in-picture; web-share\" referrerpolicy=\"strict-origin-when-cross-origin\" allowfullscreen><\/iframe>\n<\/div><\/figure>\n<\/div>\n\n\n\n<div class=\"wp-block-column is-layout-flow wp-block-column-is-layout-flow\">\n<figure class=\"wp-block-embed is-type-video is-provider-youtube wp-block-embed-youtube wp-embed-aspect-16-9 wp-has-aspect-ratio\"><div class=\"wp-block-embed__wrapper\">\n<iframe loading=\"lazy\" title=\"Ke\u0148a KAREMBO\" width=\"940\" height=\"529\" src=\"https:\/\/www.youtube.com\/embed\/31LrVoEh050?start=3&#038;feature=oembed\" frameborder=\"0\" allow=\"accelerometer; autoplay; clipboard-write; encrypted-media; gyroscope; picture-in-picture; web-share\" referrerpolicy=\"strict-origin-when-cross-origin\" allowfullscreen><\/iframe>\n<\/div><\/figure>\n\n\n\n<h2 class=\"has-text-align-left wp-block-heading\">Zde jsou uk\u00e1zky film\u016f o skute\u010dn\u00e9m \u017eivot\u011b m\u00edstn\u00edch obyvatel. Nejen dokumenty, ale<br>i pravdiv\u00e9 p\u0159\u00edb\u011bhy lid\u00ed, kte\u0159\u00ed \u017eij\u00ed skromn\u011b<br>a dok\u00e1\u017e\u00ed se vyrovnat s mnoh\u00fdmi probl\u00e9my <br>o kter\u00fdch nem\u00e1me ani pon\u011bt\u00ed.<br>D\u00edky projekc\u00ed film\u016f, z\u00edsk\u00e1me finance a za n\u011b nakoup\u00edme v Keni pot\u0159ebn\u00e9 v\u011bci do \u0161kol.<\/h2>\n\n\n\n<figure class=\"wp-block-embed is-type-video is-provider-youtube wp-block-embed-youtube wp-embed-aspect-4-3 wp-has-aspect-ratio\"><div class=\"wp-block-embed__wrapper\">\n<iframe loading=\"lazy\" title=\"KE\u0147A v televizi\" width=\"940\" height=\"529\" src=\"https:\/\/www.youtube.com\/embed\/w3qu1AGSyyc?feature=oembed\" frameborder=\"0\" allow=\"accelerometer; autoplay; clipboard-write; encrypted-media; gyroscope; picture-in-picture; web-share\" referrerpolicy=\"strict-origin-when-cross-origin\" allowfullscreen><\/iframe>\n<\/div><\/figure>\n<\/div>\n<\/div>\n<\/div>\n<\/div>\n\n\n\n<p><\/p>\n","protected":false},"excerpt":{"rendered":"<p>Zde jsou uk\u00e1zky film\u016f o skute\u010dn\u00e9m \u017eivot\u011b m\u00edstn\u00edch obyvatel. Nejen dokumenty, alei pravdiv\u00e9 p\u0159\u00edb\u011bhy lid\u00ed, kte\u0159\u00ed \u017eij\u00ed skromn\u011ba dok\u00e1\u017e\u00ed se vyrovnat s mnoh\u00fdmi probl\u00e9my o kter\u00fdch nem\u00e1me ani pon\u011bt\u00ed.D\u00edky projekc\u00ed film\u016f, z\u00edsk\u00e1me finance a za n\u011b nakoup\u00edme v Keni pot\u0159ebn\u00e9 v\u011bci do \u0161kol.<\/p>\n","protected":false},"author":1,"featured_media":0,"parent":0,"menu_order":0,"comment_status":"closed","ping_status":"closed","template":"","meta":{"ngg_post_thumbnail":0,"footnotes":""},"class_list":["post-20","page","type-page","status-publish","hentry"],"_links":{"self":[{"href":"https:\/\/expedicekenya.cz\/index.php?rest_route=\/wp\/v2\/pages\/20","targetHints":{"allow":["GET"]}}],"collection":[{"href":"https:\/\/expedicekenya.cz\/index.php?rest_route=\/wp\/v2\/pages"}],"about":[{"href":"https:\/\/expedicekenya.cz\/index.php?rest_route=\/wp\/v2\/types\/page"}],"author":[{"embeddable":true,"href":"https:\/\/expedicekenya.cz\/index.php?rest_route=\/wp\/v2\/users\/1"}],"replies":[{"embeddable":true,"href":"https:\/\/expedicekenya.cz\/index.php?rest_route=%2Fwp%2Fv2%2Fcomments&post=20"}],"version-history":[{"count":22,"href":"https:\/\/expedicekenya.cz\/index.php?rest_route=\/wp\/v2\/pages\/20\/revisions"}],"predecessor-version":[{"id":197,"href":"https:\/\/expedicekenya.cz\/index.php?rest_route=\/wp\/v2\/pages\/20\/revisions\/197"}],"wp:attachment":[{"href":"https:\/\/expedicekenya.cz\/index.php?rest_route=%2Fwp%2Fv2%2Fmedia&parent=20"}],"curies":[{"name":"wp","href":"https:\/\/api.w.org\/{rel}","templated":true}]}}